{"id":577,"date":"2026-05-11T20:07:49","date_gmt":"2026-05-11T18:07:49","guid":{"rendered":"https:\/\/www.cyklo-raim.cz\/shop\/?post_type=product&#038;p=577"},"modified":"2026-05-11T20:46:02","modified_gmt":"2026-05-11T18:46:02","slug":"prestavbova-sada-250w-kapacita-ramove-baterie-192ah","status":"publish","type":"product","link":"https:\/\/www.cyklo-raim.cz\/shop\/produkt\/prestavbova-sada-250w-kapacita-ramove-baterie-192ah\/","title":{"rendered":"p\u0159estavbov\u00e1 sada 250W, kapacita r\u00e1mov\u00e9 baterie 19,2Ah"},"content":{"rendered":"<p>St\u0159edov\u00fd pohon vynik\u00e1 zejm\u00e9na svou lehkost\u00ed a jednoduchost\u00ed instalace. Mont\u00e1\u017e motoru se prov\u00e1d\u00ed do r\u00e1mu m\u00edsto \u0161lapac\u00edho st\u0159edu. D\u00edky tomu, \u017ee motor je instalov\u00e1n ve st\u0159edu kola, je dosa\u017eeno optim\u00e1ln\u00edho t\u011b\u017ei\u0161t\u011b a j\u00edzdn\u00ed vlastnosti nejsou nijak omezeny. Je odoln\u00fd v\u016f\u010di vniknut\u00ed prachu a z\u00e1rove\u0148 je chr\u00e1n\u011bn proti tryskaj\u00edc\u00ed vod\u011b (IP65). Motor je ur\u010den pro st\u0159edov\u00e9 osy o rozm\u011bru 68 &#8211; 72 mm. V\u00fdhoda st\u0159edov\u00fdch pohon\u016f je, \u017ee maj\u00ed a\u017e o 35 % del\u0161\u00ed dojezd, ne\u017e motory ve v\u00fdpletu kola. Jsou natolik univerz\u00e1ln\u00ed, \u017ee je lze nainstalovat na 99 % s\u00e9riov\u011b vyr\u00e1b\u011bn\u00fdch kol.<br \/><strong>TIP:<\/strong> V z\u00e1lo\u017ek\u00e1ch <strong>Parametry<\/strong>, <strong>Ke sta\u017een\u00ed<\/strong> a <strong>Videon\u00e1vody <\/strong>naleznete ve\u0161ker\u00e9 technick\u00e9 informace o cel\u00e9 sad\u011b, videa k jej\u00ed instalaci a manu\u00e1ly v PDF.<br \/>Baterie EVBIKE 19 Ah (684 Wh) se velmi snadno instaluje na r\u00e1m kola m\u00edsto dr\u017e\u00e1ku na lahev. T\u00edm, \u017ee je baterie ve st\u0159edu kola, je dosa\u017eeno optim\u00e1ln\u00edho t\u011b\u017ei\u0161t\u011b. Baterie je opat\u0159ena bezpe\u010dnostn\u00edm z\u00e1mkem proti odcizen\u00ed. Po odemknut\u00ed ji lze snadno vyjmout z dr\u017e\u00e1ku nap\u0159. p\u0159i dob\u00edjen\u00ed nebo p\u0159evozu. Sou\u010d\u00e1st\u00ed baterie je inteligentn\u00ed ochrann\u00fd BMS modul pro balancov\u00e1n\u00ed \u010dl\u00e1nk\u016f, jejich ochranu proti podbit\u00ed a vybit\u00ed. Baterie nem\u00e1 pam\u011b\u0165ov\u00fd efekt a nepodporuje rekuperaci. <br \/><strong>TIP<\/strong>: Nab\u00edje\u010dku nejprve zapojte do s\u00edt\u011b a a\u017e pot\u00e9 p\u0159ipojte nab\u00edjec\u00ed konektor do baterie. V opa\u010dn\u00e9m p\u0159\u00edpad\u011b m\u016f\u017ee doj\u00edt k po\u0161kozen\u00ed konektor\u016f.<br \/>Parametry<br \/>Kapacita baterie<br \/><a href=\"https:\/\/www.evbike.cz\/stredove-pohony-kompletni-sady-250w\/p-kapacita-baterie\/19-2-ah-691wh\">19,2 Ah (691Wh)<\/a><br \/>Um\u00edst\u011bn\u00ed baterie<br \/><a href=\"https:\/\/www.evbike.cz\/stredove-pohony-kompletni-sady-250w\/p-umisteni-baterie\/na-dolni-ramovou-trubku\">Na doln\u00ed r\u00e1movou trubku<\/a><br \/>V\u00fdkon pohonu 250 W<br \/>Hmotnost pohonu 4,7 kg<br \/>Krout\u00edc\u00ed moment 50 Nm, \u0161pi\u010dkov\u011b 80 Nm<br \/>Hlu\u010dnost pohonu &lt;55 dB (tich\u00fd chod)<br \/>Torzn\u00ed sn\u00edma\u010d v pohonu Ne<br \/>Do st\u0159edov\u00e9 osy kola 68-72 mm<br \/>Programov\u00e1n\u00ed pohonu Ano<br \/>Hmotnost baterie 4,3 kg<br \/>Rozm\u011br baterie 367 x 115 x 90 mm<br \/>displej Ano Barevn\u00fd IPS displej 600C pro st\u0159edov\u00fd pohon, UART<br \/>Po\u010det b\u011b\u017en\u00fdch cykl\u016f 800 (pokles kapacity o max. 30 %)<br \/>Jmenovit\u00e9 nap\u011bt\u00ed \u010dl\u00e1nk\u016f 3.7 V<br \/>Slo\u017een\u00ed \u010dl\u00e1nk\u016f Lithium (Li-ion)<br \/>Dojezd 90 -130 km<br \/>Nab\u00edjec\u00ed proud , 2 A<br \/>USB v\u00fdstup Ano<br \/>Asistence ch\u016fze Ano (6 km\/h)<br \/>Ochrana kabel\u00e1\u017ee IP65 Ano<br \/>Bluetooth Ne<br \/>Pam\u011b\u0165ov\u00fd efekt Ne<\/p>\n","protected":false},"excerpt":{"rendered":"<p>St\u0159edov\u00fd pohon vynik\u00e1 zejm\u00e9na svou lehkost\u00ed a jednoduchost\u00ed instalace. Mont\u00e1\u017e motoru se prov\u00e1d\u00ed do r\u00e1mu m\u00edsto \u0161lapac\u00edho st\u0159edu. D\u00edky tomu, \u017ee motor je instalov\u00e1n ve st\u0159edu kola, je dosa\u017eeno optim\u00e1ln\u00edho t\u011b\u017ei\u0161t\u011b a j\u00edzdn\u00ed vlastnosti nejsou nijak omezeny. Je odoln\u00fd v\u016f\u010di vniknut\u00ed prachu a z\u00e1rove\u0148 je chr\u00e1n\u011bn proti tryskaj\u00edc\u00ed vod\u011b (IP65). Motor je ur\u010den pro st\u0159edov\u00e9&hellip;<\/p>\n","protected":false},"featured_media":578,"template":"","meta":{"ub_ctt_via":""},"product_brand":[],"product_cat":[91],"product_tag":[],"class_list":{"0":"post-577","1":"product","2":"type-product","3":"status-publish","4":"has-post-thumbnail","6":"product_cat-elektro-sady","8":"first","9":"instock","10":"sale","11":"featured","12":"taxable","13":"shipping-taxable","14":"purchasable","15":"product-type-simple"},"jetpack_sharing_enabled":true,"_links":{"self":[{"href":"https:\/\/www.cyklo-raim.cz\/shop\/wp-json\/wp\/v2\/product\/577","targetHints":{"allow":["GET"]}}],"collection":[{"href":"https:\/\/www.cyklo-raim.cz\/shop\/wp-json\/wp\/v2\/product"}],"about":[{"href":"https:\/\/www.cyklo-raim.cz\/shop\/wp-json\/wp\/v2\/types\/product"}],"wp:featuredmedia":[{"embeddable":true,"href":"https:\/\/www.cyklo-raim.cz\/shop\/wp-json\/wp\/v2\/media\/578"}],"wp:attachment":[{"href":"https:\/\/www.cyklo-raim.cz\/shop\/wp-json\/wp\/v2\/media?parent=577"}],"wp:term":[{"taxonomy":"product_brand","embeddable":true,"href":"https:\/\/www.cyklo-raim.cz\/shop\/wp-json\/wp\/v2\/product_brand?post=577"},{"taxonomy":"product_cat","embeddable":true,"href":"https:\/\/www.cyklo-raim.cz\/shop\/wp-json\/wp\/v2\/product_cat?post=577"},{"taxonomy":"product_tag","embeddable":true,"href":"https:\/\/www.cyklo-raim.cz\/shop\/wp-json\/wp\/v2\/product_tag?post=577"}],"curies":[{"name":"wp","href":"https:\/\/api.w.org\/{rel}","templated":true}]}}