{"id":573,"date":"2025-09-02T23:53:29","date_gmt":"2025-09-02T21:53:29","guid":{"rendered":"https:\/\/www.cyklo-raim.cz\/shop\/?post_type=product&#038;p=573"},"modified":"2025-09-02T23:55:44","modified_gmt":"2025-09-02T21:55:44","slug":"vidlice-odpr-275-tapered-marzocchi-z2-rail-150-mm-cervena-lesk","status":"publish","type":"product","link":"https:\/\/www.cyklo-raim.cz\/shop\/produkt\/vidlice-odpr-275-tapered-marzocchi-z2-rail-150-mm-cervena-lesk\/","title":{"rendered":"Vidlice odpr. 27,5&#8243;&#8220; tapered Marzocchi Z2 Rail 150 mm \u010derven\u00e1 lesk"},"content":{"rendered":"","protected":false},"excerpt":{"rendered":"<p>Model<br \/>Z2<br \/>Modelov\u00fd rok<br \/>2022<br \/>Pou\u017eit\u00ed<br \/>Trail, e-bike<br \/>Zdvih<br \/>150 mm<br \/>Velikost kol<br \/>27,5&#8243;<br \/>Boost osa<br \/>ANO<br \/>Pr\u016fm\u011br osy<br \/>15x 110 mm<br \/>Pr\u016fm\u011br vnit\u0159n\u00edch nohou vidlice<br \/>34 mm<br \/>Uchycen\u00ed brzdy<br \/>Postmount disc<br \/>Maxim\u00e1ln\u00ed pr\u016fm\u011br kotou\u010de<br \/>203 mm<br \/>Nastaven\u00ed pru\u017een\u00ed<br \/>tlak vzduchu<br \/>Nastaven\u00ed komprese<br \/>ANO<br \/>Nastaven\u00ed odskoku<br \/>ANO<br \/>Uzamyk\u00e1n\u00ed vidlice<br \/>z korunky<br \/>Typ sloupku<br \/>AHEAD tapered<br \/>Hmotnost<br \/>1900 g<\/p>\n","protected":false},"featured_media":574,"template":"","meta":{"ub_ctt_via":""},"product_brand":[],"product_cat":[15,47,44],"product_tag":[],"class_list":{"0":"post-573","1":"product","2":"type-product","3":"status-publish","4":"has-post-thumbnail","6":"product_cat-nezarazene","7":"product_cat-odpruzene-275","8":"product_cat-vidlice","10":"first","11":"instock","12":"sale","13":"taxable","14":"shipping-taxable","15":"purchasable","16":"product-type-simple"},"jetpack_sharing_enabled":true,"_links":{"self":[{"href":"https:\/\/www.cyklo-raim.cz\/shop\/wp-json\/wp\/v2\/product\/573","targetHints":{"allow":["GET"]}}],"collection":[{"href":"https:\/\/www.cyklo-raim.cz\/shop\/wp-json\/wp\/v2\/product"}],"about":[{"href":"https:\/\/www.cyklo-raim.cz\/shop\/wp-json\/wp\/v2\/types\/product"}],"wp:featuredmedia":[{"embeddable":true,"href":"https:\/\/www.cyklo-raim.cz\/shop\/wp-json\/wp\/v2\/media\/574"}],"wp:attachment":[{"href":"https:\/\/www.cyklo-raim.cz\/shop\/wp-json\/wp\/v2\/media?parent=573"}],"wp:term":[{"taxonomy":"product_brand","embeddable":true,"href":"https:\/\/www.cyklo-raim.cz\/shop\/wp-json\/wp\/v2\/product_brand?post=573"},{"taxonomy":"product_cat","embeddable":true,"href":"https:\/\/www.cyklo-raim.cz\/shop\/wp-json\/wp\/v2\/product_cat?post=573"},{"taxonomy":"product_tag","embeddable":true,"href":"https:\/\/www.cyklo-raim.cz\/shop\/wp-json\/wp\/v2\/product_tag?post=573"}],"curies":[{"name":"wp","href":"https:\/\/api.w.org\/{rel}","templated":true}]}}