{"id":571,"date":"2025-09-02T23:47:29","date_gmt":"2025-09-02T21:47:29","guid":{"rendered":"https:\/\/www.cyklo-raim.cz\/shop\/?post_type=product&#038;p=571"},"modified":"2025-09-02T23:52:50","modified_gmt":"2025-09-02T21:52:50","slug":"vidlice-odpr-275-tapered-suntour-raidon34-boost-lo-r-15qlc-cerna-120mm","status":"publish","type":"product","link":"https:\/\/www.cyklo-raim.cz\/shop\/produkt\/vidlice-odpr-275-tapered-suntour-raidon34-boost-lo-r-15qlc-cerna-120mm\/","title":{"rendered":"Vidlice odpr. 27,5&#8243; tapered Suntour RAIDON34-Boost LO-R 15QLC, \u010dern\u00e1, 120mm"},"content":{"rendered":"<p>V\u00fdrobce<br \/>SR Suntour<br \/>Model<br \/>RAIDON34<br \/>Pou\u017eit\u00ed<br \/>XC, e-bike<br \/>Zdvih<br \/>120 mm<br \/>Velikost kol<br \/>27,5&#8243;<br \/>Boost osa<br \/>ANO<br \/>Pr\u016fm\u011br osy<br \/>15 mm<br \/>Osa<br \/>QLC32<br \/>Pr\u016fm\u011br vnit\u0159n\u00edch nohou vidlice<br \/>34 mm<br \/>Uchycen\u00ed brzdy<br \/>Postmount disc<br \/>Maxim\u00e1ln\u00ed pr\u016fm\u011br kotou\u010de<br \/>203 mm<br \/>Nastaven\u00ed pru\u017een\u00ed<br \/>tlak vzduchu<br \/>Tlumen\u00ed<br \/>olejov\u00e1 patrona<br \/>Nastaven\u00ed komprese<br \/>NE<br \/>Nastaven\u00ed odskoku<br \/>ANO<br \/>Uzamyk\u00e1n\u00ed vidlice<br \/>z korunky<br \/>Vn\u011bj\u0161\u00ed nohy<br \/>MG<br \/>Typ sloupku<br \/>AHEAD tapered<br \/>D\u00e9lka sloupku<br \/>272 mm<br \/>Hmotnost<br \/>2033 g<\/p>\n","protected":false},"excerpt":{"rendered":"<p>\u201eOsv\u011bd\u010den\u00fd model pro sportovn\u00ed vyu\u017eit\u00ed\u201c<br \/>Vzduchov\u00e1 vidlice s olejovou patronou pro nen\u00e1ro\u010dn\u00e9 z\u00e1vodn\u00ed a sportovn\u00ed vyu\u017eit\u00ed. S mo\u017enost\u00ed servisn\u00ed \u00fapravy zdvihu skv\u011ble poslou\u017e\u00ed tak\u00e9 pro jezdce po\u0161ilh\u00e1vaj\u00edc\u00ed po svezen\u00ed v technick\u00e9m ter\u00e9nu.<br \/>Raidon se m\u016f\u017ee po vzoru v\u00fd\u0161e postaven\u00fdch model\u016f pochlubit hlin\u00edkov\u00fdmi vnit\u0159n\u00edmi kluz\u00e1ky, magn\u00e9ziov\u00fdm monoblokem vn\u011bj\u0161\u00edch nohou a pevnou patn\u00e1ctimilimetrovou osou. Celkov\u00e9 tuhosti napom\u00e1h\u00e1 masivn\u00ed horn\u00ed korunka se standardn\u00edm \u010di k\u00f3nick\u00fdm sloupkem \u0159\u00edzen\u00ed. Verze BOOST jsou vhodn\u00e9 i na e-bike.<br \/>Raidon nab\u00edz\u00ed j\u00edzdn\u00ed vlastnosti o t\u0159\u00eddu v\u00fd\u0161e postaven\u00fdch model\u016f, jejich\u017e technologie tak\u00e9 s\u00e1m z\u010d\u00e1sti vyu\u017e\u00edv\u00e1. Vzduchov\u00e9 odpru\u017een\u00ed je u vidlic t\u00e9to \u0159ady dopln\u011bno uzav\u0159enou olejovou tlum\u00edc\u00ed patronou s mo\u017enost\u00ed regulace odskoku a zamyk\u00e1n\u00edm z korunky, p\u0159\u00edpadn\u011b z \u0159\u00edd\u00edtek.<\/p>\n","protected":false},"featured_media":572,"template":"","meta":{"ub_ctt_via":""},"product_brand":[],"product_cat":[47,44],"product_tag":[90],"class_list":{"0":"post-571","1":"product","2":"type-product","3":"status-publish","4":"has-post-thumbnail","6":"product_cat-odpruzene-275","7":"product_cat-vidlice","8":"product_tag-suntour","10":"first","11":"instock","12":"taxable","13":"shipping-taxable","14":"purchasable","15":"product-type-simple"},"jetpack_sharing_enabled":true,"_links":{"self":[{"href":"https:\/\/www.cyklo-raim.cz\/shop\/wp-json\/wp\/v2\/product\/571","targetHints":{"allow":["GET"]}}],"collection":[{"href":"https:\/\/www.cyklo-raim.cz\/shop\/wp-json\/wp\/v2\/product"}],"about":[{"href":"https:\/\/www.cyklo-raim.cz\/shop\/wp-json\/wp\/v2\/types\/product"}],"wp:featuredmedia":[{"embeddable":true,"href":"https:\/\/www.cyklo-raim.cz\/shop\/wp-json\/wp\/v2\/media\/572"}],"wp:attachment":[{"href":"https:\/\/www.cyklo-raim.cz\/shop\/wp-json\/wp\/v2\/media?parent=571"}],"wp:term":[{"taxonomy":"product_brand","embeddable":true,"href":"https:\/\/www.cyklo-raim.cz\/shop\/wp-json\/wp\/v2\/product_brand?post=571"},{"taxonomy":"product_cat","embeddable":true,"href":"https:\/\/www.cyklo-raim.cz\/shop\/wp-json\/wp\/v2\/product_cat?post=571"},{"taxonomy":"product_tag","embeddable":true,"href":"https:\/\/www.cyklo-raim.cz\/shop\/wp-json\/wp\/v2\/product_tag?post=571"}],"curies":[{"name":"wp","href":"https:\/\/api.w.org\/{rel}","templated":true}]}}