{"id":546,"date":"2025-07-31T21:04:58","date_gmt":"2025-07-31T19:04:58","guid":{"rendered":"https:\/\/www.cyklo-raim.cz\/shop\/?post_type=product&#038;p=546"},"modified":"2025-07-31T21:07:17","modified_gmt":"2025-07-31T19:07:17","slug":"pedaly-ice-fast-cerne","status":"publish","type":"product","link":"https:\/\/www.cyklo-raim.cz\/shop\/produkt\/pedaly-ice-fast-cerne\/","title":{"rendered":"Ped\u00e1ly ICE FAST \u010cern\u00e9"},"content":{"rendered":"<p>8 pin\u016f XL (4mm)\u00a0<br \/>1x lo\u017eisko (RLT-686) + 1x kluzn\u00e9 pouzdro DU.<br \/>Rozm\u011br: 100mm X 105mm x 12mm<br \/>V\u00e1ha: 412 gr<\/p>\n","protected":false},"excerpt":{"rendered":"<p>Ped\u00e1ly ICE Fast jsou nejobl\u00edben\u011bj\u0161\u00ed a nejprod\u00e1van\u011bj\u0161\u00ed model! Osv\u011bd\u010den\u00e1 kvalita za p\u0159\u00edjemnou cenu, par\u00e1dn\u00ed design, atraktivn\u00ed barvy. V\u00fdborn\u00e1 p\u0159ilnavost boty za ka\u017ed\u00fdch podm\u00ednek!<\/p>\n","protected":false},"featured_media":547,"template":"","meta":{"ub_ctt_via":""},"product_brand":[],"product_cat":[15],"product_tag":[],"class_list":{"0":"post-546","1":"product","2":"type-product","3":"status-publish","4":"has-post-thumbnail","6":"product_cat-nezarazene","8":"first","9":"instock","10":"sale","11":"taxable","12":"shipping-taxable","13":"purchasable","14":"product-type-simple"},"jetpack_sharing_enabled":true,"_links":{"self":[{"href":"https:\/\/www.cyklo-raim.cz\/shop\/wp-json\/wp\/v2\/product\/546","targetHints":{"allow":["GET"]}}],"collection":[{"href":"https:\/\/www.cyklo-raim.cz\/shop\/wp-json\/wp\/v2\/product"}],"about":[{"href":"https:\/\/www.cyklo-raim.cz\/shop\/wp-json\/wp\/v2\/types\/product"}],"wp:featuredmedia":[{"embeddable":true,"href":"https:\/\/www.cyklo-raim.cz\/shop\/wp-json\/wp\/v2\/media\/547"}],"wp:attachment":[{"href":"https:\/\/www.cyklo-raim.cz\/shop\/wp-json\/wp\/v2\/media?parent=546"}],"wp:term":[{"taxonomy":"product_brand","embeddable":true,"href":"https:\/\/www.cyklo-raim.cz\/shop\/wp-json\/wp\/v2\/product_brand?post=546"},{"taxonomy":"product_cat","embeddable":true,"href":"https:\/\/www.cyklo-raim.cz\/shop\/wp-json\/wp\/v2\/product_cat?post=546"},{"taxonomy":"product_tag","embeddable":true,"href":"https:\/\/www.cyklo-raim.cz\/shop\/wp-json\/wp\/v2\/product_tag?post=546"}],"curies":[{"name":"wp","href":"https:\/\/api.w.org\/{rel}","templated":true}]}}