{"id":448,"date":"2024-10-18T15:19:52","date_gmt":"2024-10-18T13:19:52","guid":{"rendered":"https:\/\/www.cyklo-raim.cz\/shop\/?post_type=product&#038;p=448"},"modified":"2024-10-19T12:57:43","modified_gmt":"2024-10-19T10:57:43","slug":"shimano-hadicka-hydraulicka-sm-bh90-1700mm","status":"publish","type":"product","link":"https:\/\/www.cyklo-raim.cz\/shop\/produkt\/shimano-hadicka-hydraulicka-sm-bh90-1700mm\/","title":{"rendered":"Shimano Hadi\u010dka hydraulick\u00e1 SM-BH90 1700mm"},"content":{"rendered":"<p>Hadice pro hydraulick\u00e9 kotou\u010dov\u00e9 brzdy. D\u00e9lka 1700mm. P\u0159im\u00e1 mont\u00e1\u017e do p\u00e1ky a bo\u010dn\u00ed \u00fachyt (banjo) do t\u0159menu. Balen\u00ed obsahuje 1 ks oliva + pin, spojovac\u00ed \u0161roub do p\u00e1ky, n\u00e1stroj pro zkr\u00e1cen\u00ed hadi\u010dky TLBH61, 3 ks t\u011bsn\u011bn\u00ed. Kompatibiln\u00ed s BRM9000\/M9020\/M8100\/M8120\/M7100\/M7120.<br \/>Typ: UNI, Celkov\u00e1 v\u00e1ha balen\u00ed: 128g, P\u0159edn\u00ed \/ Zadn\u00ed, \u010dern\u00e1, Baleno po: ks, One Way Bleeding, Pro typy b : XTR\/XT\/SLX, Materi\u00e1l: Plast<\/p>\n","protected":false},"excerpt":{"rendered":"<p>Hadice pro hydraulick\u00e9 kotou\u010dov\u00e9 brzdy. D\u00e9lka 1700mm. P\u0159im\u00e1 mont\u00e1\u017e do p\u00e1ky a bo\u010dn\u00ed \u00fachyt (banjo) do t\u0159menu. Balen\u00ed obsahuje 1 ks oliva + pin, spojovac\u00ed \u0161roub do p\u00e1ky, n\u00e1stroj pro zkr\u00e1cen\u00ed hadi\u010dky TLBH61, 3 ks t\u011bsn\u011bn\u00ed. Kompatibiln\u00ed s BRM9000\/M9020\/M8100\/M8120\/M7100\/M7120.<br \/>Typ: UNI, Celkov\u00e1 v\u00e1ha balen\u00ed: 128g, P\u0159edn\u00ed \/ Zadn\u00ed, \u010dern\u00e1, Baleno po: ks, One Way Bleeding, Pro typy b : XTR\/XT\/SLX, Materi\u00e1l: Plast<\/p>\n","protected":false},"featured_media":453,"template":"","meta":{"ub_ctt_via":""},"product_brand":[],"product_cat":[82,28],"product_tag":[],"class_list":{"0":"post-448","1":"product","2":"type-product","3":"status-publish","4":"has-post-thumbnail","6":"product_cat-prislusenstvi","7":"product_cat-brzdy","8":"pa_delka-78","9":"pa_delka-79","10":"pa_delka-80","11":"pa_delka-81","13":"first","14":"instock","15":"purchasable","16":"product-type-simple"},"jetpack_sharing_enabled":true,"_links":{"self":[{"href":"https:\/\/www.cyklo-raim.cz\/shop\/wp-json\/wp\/v2\/product\/448","targetHints":{"allow":["GET"]}}],"collection":[{"href":"https:\/\/www.cyklo-raim.cz\/shop\/wp-json\/wp\/v2\/product"}],"about":[{"href":"https:\/\/www.cyklo-raim.cz\/shop\/wp-json\/wp\/v2\/types\/product"}],"wp:featuredmedia":[{"embeddable":true,"href":"https:\/\/www.cyklo-raim.cz\/shop\/wp-json\/wp\/v2\/media\/453"}],"wp:attachment":[{"href":"https:\/\/www.cyklo-raim.cz\/shop\/wp-json\/wp\/v2\/media?parent=448"}],"wp:term":[{"taxonomy":"product_brand","embeddable":true,"href":"https:\/\/www.cyklo-raim.cz\/shop\/wp-json\/wp\/v2\/product_brand?post=448"},{"taxonomy":"product_cat","embeddable":true,"href":"https:\/\/www.cyklo-raim.cz\/shop\/wp-json\/wp\/v2\/product_cat?post=448"},{"taxonomy":"product_tag","embeddable":true,"href":"https:\/\/www.cyklo-raim.cz\/shop\/wp-json\/wp\/v2\/product_tag?post=448"}],"curies":[{"name":"wp","href":"https:\/\/api.w.org\/{rel}","templated":true}]}}