{"id":422,"date":"2024-09-11T00:06:11","date_gmt":"2024-09-10T22:06:11","guid":{"rendered":"https:\/\/www.cyklo-raim.cz\/shop\/?post_type=product&#038;p=422"},"modified":"2024-10-19T13:02:01","modified_gmt":"2024-10-19T11:02:01","slug":"brzdove-desticky-shimano-h03c-mf-kov-s-chladicem-original-baleni","status":"publish","type":"product","link":"https:\/\/www.cyklo-raim.cz\/shop\/produkt\/brzdove-desticky-shimano-h03c-mf-kov-s-chladicem-original-baleni\/","title":{"rendered":"Brzdov\u00e9 desti\u010dky Shimano H03C-MF kov s chladi\u010dem original balen\u00ed"},"content":{"rendered":"","protected":false},"excerpt":{"rendered":"<p>pro brzdy: DEOR XT, SAINT, ZEE<br \/>brzdov\u00e9 desti\u010dky ur\u010den\u00e9 pro: BR-M8020, BR-M820, BR-M640<br \/>\u00a0<br \/>Ur\u010deno k odborn\u00e9mu servisu<br \/>Original SHIMANO produkt balen\u00fd v krabi\u010dce s k\u00f3dem EAN<\/p>\n","protected":false},"featured_media":423,"template":"","meta":{"ub_ctt_via":""},"product_brand":[],"product_cat":[72],"product_tag":[],"class_list":{"0":"post-422","1":"product","2":"type-product","3":"status-publish","4":"has-post-thumbnail","6":"product_cat-brzdove-desticky","8":"first","9":"instock","10":"taxable","11":"shipping-taxable","12":"purchasable","13":"product-type-simple"},"jetpack_sharing_enabled":true,"_links":{"self":[{"href":"https:\/\/www.cyklo-raim.cz\/shop\/wp-json\/wp\/v2\/product\/422","targetHints":{"allow":["GET"]}}],"collection":[{"href":"https:\/\/www.cyklo-raim.cz\/shop\/wp-json\/wp\/v2\/product"}],"about":[{"href":"https:\/\/www.cyklo-raim.cz\/shop\/wp-json\/wp\/v2\/types\/product"}],"wp:featuredmedia":[{"embeddable":true,"href":"https:\/\/www.cyklo-raim.cz\/shop\/wp-json\/wp\/v2\/media\/423"}],"wp:attachment":[{"href":"https:\/\/www.cyklo-raim.cz\/shop\/wp-json\/wp\/v2\/media?parent=422"}],"wp:term":[{"taxonomy":"product_brand","embeddable":true,"href":"https:\/\/www.cyklo-raim.cz\/shop\/wp-json\/wp\/v2\/product_brand?post=422"},{"taxonomy":"product_cat","embeddable":true,"href":"https:\/\/www.cyklo-raim.cz\/shop\/wp-json\/wp\/v2\/product_cat?post=422"},{"taxonomy":"product_tag","embeddable":true,"href":"https:\/\/www.cyklo-raim.cz\/shop\/wp-json\/wp\/v2\/product_tag?post=422"}],"curies":[{"name":"wp","href":"https:\/\/api.w.org\/{rel}","templated":true}]}}