{"id":416,"date":"2024-09-10T23:58:47","date_gmt":"2024-09-10T21:58:47","guid":{"rendered":"https:\/\/www.cyklo-raim.cz\/shop\/?post_type=product&#038;p=416"},"modified":"2024-10-19T13:01:22","modified_gmt":"2024-10-19T11:01:22","slug":"brzdove-desticky-m-wave-organicke-shimano-deore-xt-xtr","status":"publish","type":"product","link":"https:\/\/www.cyklo-raim.cz\/shop\/produkt\/brzdove-desticky-m-wave-organicke-shimano-deore-xt-xtr\/","title":{"rendered":"Brzdov\u00e9 desti\u010dky M-Wave organick\u00e9 Shimano Deore, XT, XTR"},"content":{"rendered":"","protected":false},"excerpt":{"rendered":"<p>Desti\u010dky ur\u010den\u00e9 pro Shimano XTR, XT, Deore Shimano sady<br \/>Materi\u00e1l: Fe \u017eelezn\u00e1 z\u00e1kladna,organick\u00e9 &#8211; polymer &#8211; resin<br \/>Ur\u010deno pro hydraulick\u00e9 kotou\u010dov\u00e9 brzdy:<br \/>Shimano BR-M987\/5, M785, M675, M676, M615, S700- Alfine, R785,<br \/>Balen\u00ed obsahuje nerezovou rozp\u011brnou pru\u017einku<br \/>Balen\u00ed: blistr M-Wave<br \/>V\u00fdrobce se m\u016f\u017ee li\u0161it dle dostupnosti<\/p>\n","protected":false},"featured_media":417,"template":"","meta":{"ub_ctt_via":""},"product_brand":[],"product_cat":[72],"product_tag":[],"class_list":{"0":"post-416","1":"product","2":"type-product","3":"status-publish","4":"has-post-thumbnail","6":"product_cat-brzdove-desticky","8":"first","9":"instock","10":"taxable","11":"shipping-taxable","12":"purchasable","13":"product-type-simple"},"jetpack_sharing_enabled":true,"_links":{"self":[{"href":"https:\/\/www.cyklo-raim.cz\/shop\/wp-json\/wp\/v2\/product\/416","targetHints":{"allow":["GET"]}}],"collection":[{"href":"https:\/\/www.cyklo-raim.cz\/shop\/wp-json\/wp\/v2\/product"}],"about":[{"href":"https:\/\/www.cyklo-raim.cz\/shop\/wp-json\/wp\/v2\/types\/product"}],"wp:featuredmedia":[{"embeddable":true,"href":"https:\/\/www.cyklo-raim.cz\/shop\/wp-json\/wp\/v2\/media\/417"}],"wp:attachment":[{"href":"https:\/\/www.cyklo-raim.cz\/shop\/wp-json\/wp\/v2\/media?parent=416"}],"wp:term":[{"taxonomy":"product_brand","embeddable":true,"href":"https:\/\/www.cyklo-raim.cz\/shop\/wp-json\/wp\/v2\/product_brand?post=416"},{"taxonomy":"product_cat","embeddable":true,"href":"https:\/\/www.cyklo-raim.cz\/shop\/wp-json\/wp\/v2\/product_cat?post=416"},{"taxonomy":"product_tag","embeddable":true,"href":"https:\/\/www.cyklo-raim.cz\/shop\/wp-json\/wp\/v2\/product_tag?post=416"}],"curies":[{"name":"wp","href":"https:\/\/api.w.org\/{rel}","templated":true}]}}