{"id":409,"date":"2024-09-10T23:51:59","date_gmt":"2024-09-10T21:51:59","guid":{"rendered":"https:\/\/www.cyklo-raim.cz\/shop\/?post_type=product&#038;p=409"},"modified":"2024-09-10T23:53:26","modified_gmt":"2024-09-10T21:53:26","slug":"spaliky-4race-mtb-sroub-72mm-3-barevne","status":"publish","type":"product","link":"https:\/\/www.cyklo-raim.cz\/shop\/produkt\/spaliky-4race-mtb-sroub-72mm-3-barevne\/","title":{"rendered":"\u0161pal\u00edky 4RACE MTB \u0161roub 72mm 3-barevn\u00e9"},"content":{"rendered":"","protected":false},"excerpt":{"rendered":"<p>&#8211; Brzdov\u00e9 \u0161pal\u00edky 3-barevn\u00e9<br \/>&#8211; D\u00e9lka: 72 mm<br \/>&#8211; Typ uchycen\u00ed &#8211; z\u00e1vit<br \/>&#8211; Pou\u017eit\u00ed: MTB &#8211; V-Brake<br \/>&#8211; Kompatibilita: Shimano XTR, Deore XT&#8230;..<br \/>&#8211; Hmotnost p\u00e1ru &#8211; 70 g<br \/>&#8211; Barva: \u010dern\u00e1-\u0161ed\u00e1-tmav\u011b \u0161ed\u00e1<br \/>&#8211; Balen\u00ed &#8211; karta 4RACE<br \/>&#8211; Balen\u00ed obsahuje 1 p\u00e1r \u0161pal\u00edk\u016f<br \/>&#8211; Ur\u010deno pro odborn\u00fd servis<\/p>\n","protected":false},"featured_media":378,"template":"","meta":{"ub_ctt_via":""},"product_brand":[],"product_cat":[73,28],"product_tag":[],"class_list":{"0":"post-409","1":"product","2":"type-product","3":"status-publish","4":"has-post-thumbnail","6":"product_cat-brzdove-spalky","7":"product_cat-brzdy","9":"first","10":"instock","11":"taxable","12":"shipping-taxable","13":"purchasable","14":"product-type-simple"},"jetpack_sharing_enabled":true,"_links":{"self":[{"href":"https:\/\/www.cyklo-raim.cz\/shop\/wp-json\/wp\/v2\/product\/409","targetHints":{"allow":["GET"]}}],"collection":[{"href":"https:\/\/www.cyklo-raim.cz\/shop\/wp-json\/wp\/v2\/product"}],"about":[{"href":"https:\/\/www.cyklo-raim.cz\/shop\/wp-json\/wp\/v2\/types\/product"}],"wp:featuredmedia":[{"embeddable":true,"href":"https:\/\/www.cyklo-raim.cz\/shop\/wp-json\/wp\/v2\/media\/378"}],"wp:attachment":[{"href":"https:\/\/www.cyklo-raim.cz\/shop\/wp-json\/wp\/v2\/media?parent=409"}],"wp:term":[{"taxonomy":"product_brand","embeddable":true,"href":"https:\/\/www.cyklo-raim.cz\/shop\/wp-json\/wp\/v2\/product_brand?post=409"},{"taxonomy":"product_cat","embeddable":true,"href":"https:\/\/www.cyklo-raim.cz\/shop\/wp-json\/wp\/v2\/product_cat?post=409"},{"taxonomy":"product_tag","embeddable":true,"href":"https:\/\/www.cyklo-raim.cz\/shop\/wp-json\/wp\/v2\/product_tag?post=409"}],"curies":[{"name":"wp","href":"https:\/\/api.w.org\/{rel}","templated":true}]}}