{"id":400,"date":"2024-09-10T23:39:42","date_gmt":"2024-09-10T21:39:42","guid":{"rendered":"https:\/\/www.cyklo-raim.cz\/shop\/?post_type=product&#038;p=400"},"modified":"2024-09-10T23:43:57","modified_gmt":"2024-09-10T21:43:57","slug":"prilba-integralni-tsg-sentinel-solid-color-satin-blue-yellow","status":"publish","type":"product","link":"https:\/\/www.cyklo-raim.cz\/shop\/produkt\/prilba-integralni-tsg-sentinel-solid-color-satin-blue-yellow\/","title":{"rendered":"P\u0159ilba integr\u00e1ln\u00ed TSG Sentinel Solid Color Satin Blue-Yellow"},"content":{"rendered":"<p>Fullface helma Sentinel je nejnov\u011bj\u0161\u00edm modelem od spole\u010dnsoti TSG, kter\u00e1 je ur\u010dena pro Enduro a DH jezdce. Superpevn\u00e1 vn\u011bj\u0161\u00ed sko\u0159epina z ABS plastu umo\u017e\u0148ila vytvo\u0159it elegantn\u011bj\u0161\u00ed siluetu helmy. Dvan\u00e1ct v\u011btrac\u00edch otvor\u016f maximalizuje proud\u011bn\u00ed vzduchu p\u0159ilbou p\u0159i v\u0161ech rychlostech a \u0161irok\u00fd o\u010dn\u00ed pr\u016fzor s precizn\u011b um\u00edst\u011bn\u00fdm hled\u00edm poskytuj\u00ed vynikaj\u00edc\u00ed v\u00fdhled. Helma pojme \u0161irokou \u0161k\u00e1lu pr\u00e9miov\u00fdch jezdeck\u00fdch br\u00fdl\u00ed. Pohodln\u00e1 v\u00fdstelka a l\u00edcnice p\u0159ilby Sentinel jsou odn\u00edmateln\u00e9 a prateln\u00e9. P\u0159ilba spl\u0148uje certifikaci CE EN 1078 &#8211; Evropsk\u00fd standart pro cyklo a skate helmy.<\/p>","protected":false},"excerpt":{"rendered":"<p>Fullface helma Sentinel je nejnov\u011bj\u0161\u00edm modelem od spole\u010dnsoti TSG, kter\u00e1 je ur\u010dena pro Enduro a DH jezdce. Superpevn\u00e1 vn\u011bj\u0161\u00ed sko\u0159epina z ABS plastu umo\u017e\u0148ila vytvo\u0159it elegantn\u011bj\u0161\u00ed siluetu helmy. Dvan\u00e1ct v\u011btrac\u00edch otvor\u016f maximalizuje proud\u011bn\u00ed vzduchu p\u0159ilbou p\u0159i v\u0161ech rychlostech a \u0161irok\u00fd o\u010dn\u00ed pr\u016fzor s precizn\u011b um\u00edst\u011bn\u00fdm hled\u00edm poskytuj\u00ed vynikaj\u00edc\u00ed v\u00fdhled. Helma pojme \u0161irokou \u0161k\u00e1lu pr\u00e9miov\u00fdch jezdeck\u00fdch br\u00fdl\u00ed. Pohodln\u00e1 v\u00fdstelka a l\u00edcnice p\u0159ilby Sentinel jsou odn\u00edmateln\u00e9 a prateln\u00e9. P\u0159ilba spl\u0148uje certifikaci CE EN 1078 &#8211; Evropsk\u00fd standart pro cyklo a skate helmy.<br \/><a href=\"https:\/\/bplumen.cz\/data\/soubory\/162_FF_helma_velikosti.png\" target=\"_blank\" rel=\"noreferrer noopener\"><img decoding=\"async\" src=\"https:\/\/bplumen.cz\/data\/soubory\/u_162_FF_helma_velikosti.png\"><\/a><\/p>\n<p>Velikost<br \/>L<br \/>Po\u010det ventila\u010dn\u00edch otvor\u016f<br \/>12<br \/>Hmotnost<br \/>1258 g<br \/>Pozn\u00e1mka<br \/>V\u00fdm\u011bnn\u00e9 piny, Certifikace: EN 1078<\/p>\n","protected":false},"featured_media":371,"template":"","meta":{"ub_ctt_via":""},"product_brand":[],"product_cat":[67,66],"product_tag":[],"class_list":{"0":"post-400","1":"product","2":"type-product","3":"status-publish","4":"has-post-thumbnail","6":"product_cat-chranice","7":"product_cat-helmy","9":"first","10":"instock","11":"taxable","12":"shipping-taxable","13":"purchasable","14":"product-type-variable","15":"has-default-attributes"},"jetpack_sharing_enabled":true,"_links":{"self":[{"href":"https:\/\/www.cyklo-raim.cz\/shop\/wp-json\/wp\/v2\/product\/400","targetHints":{"allow":["GET"]}}],"collection":[{"href":"https:\/\/www.cyklo-raim.cz\/shop\/wp-json\/wp\/v2\/product"}],"about":[{"href":"https:\/\/www.cyklo-raim.cz\/shop\/wp-json\/wp\/v2\/types\/product"}],"wp:featuredmedia":[{"embeddable":true,"href":"https:\/\/www.cyklo-raim.cz\/shop\/wp-json\/wp\/v2\/media\/371"}],"wp:attachment":[{"href":"https:\/\/www.cyklo-raim.cz\/shop\/wp-json\/wp\/v2\/media?parent=400"}],"wp:term":[{"taxonomy":"product_brand","embeddable":true,"href":"https:\/\/www.cyklo-raim.cz\/shop\/wp-json\/wp\/v2\/product_brand?post=400"},{"taxonomy":"product_cat","embeddable":true,"href":"https:\/\/www.cyklo-raim.cz\/shop\/wp-json\/wp\/v2\/product_cat?post=400"},{"taxonomy":"product_tag","embeddable":true,"href":"https:\/\/www.cyklo-raim.cz\/shop\/wp-json\/wp\/v2\/product_tag?post=400"}],"curies":[{"name":"wp","href":"https:\/\/api.w.org\/{rel}","templated":true}]}}