{"id":209,"date":"2023-10-07T22:38:09","date_gmt":"2023-10-07T20:38:09","guid":{"rendered":"https:\/\/www.cyklo-raim.cz\/shop\/?post_type=product&#038;p=209"},"modified":"2025-05-26T20:51:28","modified_gmt":"2025-05-26T18:51:28","slug":"suntour-sf16-xct-hlo-26-pivot","status":"publish","type":"product","link":"https:\/\/www.cyklo-raim.cz\/shop\/produkt\/suntour-sf16-xct-hlo-26-pivot\/","title":{"rendered":"SUNTOUR SF16-XCT HLO 26&#8243; Pivot"},"content":{"rendered":"","protected":false},"excerpt":{"rendered":"<p>sloupek 1-1\/8 Ahead, zdvih 100mm, olej\/pru\u017eina, nastaven\u00ed pru\u017een\u00ed, hydraulick\u00fd lockout, Al korunka, vnit\u0159n\u00ed nohy 28mm, na V brzdy,hmotnost 2541 g, d\u00e9lka sloupku 25,5 cm<\/p>\n","protected":false},"featured_media":210,"template":"","meta":{"ub_ctt_via":""},"product_brand":[],"product_cat":[48,44],"product_tag":[],"class_list":{"0":"post-209","1":"product","2":"type-product","3":"status-publish","4":"has-post-thumbnail","6":"product_cat-odpruzene-26","7":"product_cat-vidlice","9":"first","10":"outofstock","11":"sale","12":"taxable","13":"shipping-taxable","14":"purchasable","15":"product-type-simple"},"jetpack_sharing_enabled":true,"_links":{"self":[{"href":"https:\/\/www.cyklo-raim.cz\/shop\/wp-json\/wp\/v2\/product\/209","targetHints":{"allow":["GET"]}}],"collection":[{"href":"https:\/\/www.cyklo-raim.cz\/shop\/wp-json\/wp\/v2\/product"}],"about":[{"href":"https:\/\/www.cyklo-raim.cz\/shop\/wp-json\/wp\/v2\/types\/product"}],"wp:featuredmedia":[{"embeddable":true,"href":"https:\/\/www.cyklo-raim.cz\/shop\/wp-json\/wp\/v2\/media\/210"}],"wp:attachment":[{"href":"https:\/\/www.cyklo-raim.cz\/shop\/wp-json\/wp\/v2\/media?parent=209"}],"wp:term":[{"taxonomy":"product_brand","embeddable":true,"href":"https:\/\/www.cyklo-raim.cz\/shop\/wp-json\/wp\/v2\/product_brand?post=209"},{"taxonomy":"product_cat","embeddable":true,"href":"https:\/\/www.cyklo-raim.cz\/shop\/wp-json\/wp\/v2\/product_cat?post=209"},{"taxonomy":"product_tag","embeddable":true,"href":"https:\/\/www.cyklo-raim.cz\/shop\/wp-json\/wp\/v2\/product_tag?post=209"}],"curies":[{"name":"wp","href":"https:\/\/api.w.org\/{rel}","templated":true}]}}