{"id":204,"date":"2023-10-07T22:26:44","date_gmt":"2023-10-07T20:26:44","guid":{"rendered":"https:\/\/www.cyklo-raim.cz\/shop\/?post_type=product&#038;p=204"},"modified":"2025-09-02T22:56:12","modified_gmt":"2025-09-02T20:56:12","slug":"suntour-29-tapered-xcr34-boost-air-rl-r-15qlc32-cerna-140mm","status":"publish","type":"product","link":"https:\/\/www.cyklo-raim.cz\/shop\/produkt\/suntour-29-tapered-xcr34-boost-air-rl-r-15qlc32-cerna-140mm\/","title":{"rendered":"Suntour 29&#8243; tapered XCR34-Boost AIR RL-R 15QLC32, \u010dern\u00e1, 140mm"},"content":{"rendered":"<p>\u201eSpolehliv\u00e1 volba pro sportovn\u00ed a rekrea\u010dn\u00ed cyklisty\u201c<br>Snadno dostupn\u00e1 odpru\u017een\u00e1 vidlice s magn\u00e9ziov\u00fdmi vn\u011bj\u0161\u00edmi nohami, olejovou tlum\u00edc\u00ed patronou a mo\u017enost\u00ed volby mezi vzduchov\u00fdm a pru\u017einov\u00fdm proveden\u00edm. Vhodn\u00e1 pro v\u0161echny sportovn\u00ed a rekrea\u010dn\u00ed cyklisty bez v\u00fdjimky.<\/p><figure class=\"wp-block-table\"><table><tbody><tr><td>V\u00fdrobce<\/td><td>SR Suntour<\/td><\/tr><tr><td>Model<\/td><td>XCR34<\/td><\/tr><tr><td>Modelov\u00fd rok<\/td><td>2022<\/td><\/tr><tr><td>Pou\u017eit\u00ed<\/td><td>XC \/ trail<\/td><\/tr><tr><td>Zdvih<\/td><td>140 mm<\/td><\/tr><tr><td>Velikost kol<\/td><td>29&#8243;<\/td><\/tr><tr><td>Boost osa<\/td><td>ANO<\/td><\/tr><tr><td>Pr\u016fm\u011br osy<\/td><td>15 x 110 mm<\/td><\/tr><tr><td>Pr\u016fm\u011br vnit\u0159n\u00edch nohou vidlice<\/td><td>34 mm<\/td><\/tr><tr><td>Uchycen\u00ed brzdy<\/td><td>Postmount disc<\/td><\/tr><tr><td>Maxim\u00e1ln\u00ed pr\u016fm\u011br kotou\u010de<\/td><td>203 mm<\/td><\/tr><tr><td>Nastaven\u00ed pru\u017een\u00ed<\/td><td>tlak vzduchu<\/td><\/tr><tr><td>Tlumen\u00ed<\/td><td>olejov\u00e1 patrona<\/td><\/tr><tr><td>Nastaven\u00ed komprese<\/td><td>NE<\/td><\/tr><tr><td>Nastaven\u00ed odskoku<\/td><td>ANO<\/td><\/tr><tr><td>Uzamyk\u00e1n\u00ed vidlice<\/td><td>z korunky<\/td><\/tr><tr><td>Vn\u011bj\u0161\u00ed nohy<\/td><td>Magnesium<\/td><\/tr><tr><td>Typ sloupku<\/td><td>AHEAD tapered<\/td><\/tr><tr><td>D\u00e9lka sloupku<\/td><td>272 mm<\/td><\/tr><\/tbody><\/table><\/figure>","protected":false},"excerpt":{"rendered":"<p>\u201eSpolehliv\u00e1 volba pro sportovn\u00ed a rekrea\u010dn\u00ed cyklisty\u201c<br \/>Snadno dostupn\u00e1 odpru\u017een\u00e1 vidlice s magn\u00e9ziov\u00fdmi vn\u011bj\u0161\u00edmi nohami, olejovou tlum\u00edc\u00ed patronou a mo\u017enost\u00ed volby mezi vzduchov\u00fdm a pru\u017einov\u00fdm proveden\u00edm. Vhodn\u00e1 pro v\u0161echny sportovn\u00ed a rekrea\u010dn\u00ed cyklisty bez v\u00fdjimky.<br \/>Vidlice je nov\u00e1 jen byla nasazen\u00e1 na kole, ale nejet\u00e1. Je v n\u00ed nasazen\u00fd je\u017eek, krk nen\u00ed zkr\u00e1cen\u00fd.<\/p>\n<p>V\u00fdrobce<br \/>SR Suntour<br \/>Model<br \/>XCR34<br \/>Modelov\u00fd rok<br \/>2022<br \/>Pou\u017eit\u00ed<br \/>XC \/ trail<br \/>Zdvih<br \/>140 mm<br \/>Velikost kol<br \/>29&#8243;<br \/>Boost osa<br \/>ANO<br \/>Pr\u016fm\u011br osy<br \/>15 x 110 mm<br \/>Pr\u016fm\u011br vnit\u0159n\u00edch nohou vidlice<br \/>34 mm<br \/>Uchycen\u00ed brzdy<br \/>Postmount disc<br \/>Maxim\u00e1ln\u00ed pr\u016fm\u011br kotou\u010de<br \/>203 mm<br \/>Nastaven\u00ed pru\u017een\u00ed<br \/>tlak vzduchu<br \/>Tlumen\u00ed<br \/>olejov\u00e1 patrona<br \/>Nastaven\u00ed komprese<br \/>NE<br \/>Nastaven\u00ed odskoku<br \/>ANO<br \/>Uzamyk\u00e1n\u00ed vidlice<br \/>z korunky<br \/>Vn\u011bj\u0161\u00ed nohy<br \/>Magnesium<br \/>Typ sloupku<br \/>AHEAD tapered<br \/>D\u00e9lka sloupku<br \/>272 mm<\/p>\n","protected":false},"featured_media":205,"template":"","meta":{"ub_ctt_via":""},"product_brand":[],"product_cat":[46,44],"product_tag":[],"class_list":{"0":"post-204","1":"product","2":"type-product","3":"status-publish","4":"has-post-thumbnail","6":"product_cat-odpruzene-29","7":"product_cat-vidlice","9":"first","10":"instock","11":"sale","12":"taxable","13":"shipping-taxable","14":"purchasable","15":"product-type-simple"},"jetpack_sharing_enabled":true,"_links":{"self":[{"href":"https:\/\/www.cyklo-raim.cz\/shop\/wp-json\/wp\/v2\/product\/204","targetHints":{"allow":["GET"]}}],"collection":[{"href":"https:\/\/www.cyklo-raim.cz\/shop\/wp-json\/wp\/v2\/product"}],"about":[{"href":"https:\/\/www.cyklo-raim.cz\/shop\/wp-json\/wp\/v2\/types\/product"}],"wp:featuredmedia":[{"embeddable":true,"href":"https:\/\/www.cyklo-raim.cz\/shop\/wp-json\/wp\/v2\/media\/205"}],"wp:attachment":[{"href":"https:\/\/www.cyklo-raim.cz\/shop\/wp-json\/wp\/v2\/media?parent=204"}],"wp:term":[{"taxonomy":"product_brand","embeddable":true,"href":"https:\/\/www.cyklo-raim.cz\/shop\/wp-json\/wp\/v2\/product_brand?post=204"},{"taxonomy":"product_cat","embeddable":true,"href":"https:\/\/www.cyklo-raim.cz\/shop\/wp-json\/wp\/v2\/product_cat?post=204"},{"taxonomy":"product_tag","embeddable":true,"href":"https:\/\/www.cyklo-raim.cz\/shop\/wp-json\/wp\/v2\/product_tag?post=204"}],"curies":[{"name":"wp","href":"https:\/\/api.w.org\/{rel}","templated":true}]}}