{"id":197,"date":"2023-10-07T22:18:19","date_gmt":"2023-10-07T20:18:19","guid":{"rendered":"https:\/\/www.cyklo-raim.cz\/shop\/?post_type=product&#038;p=197"},"modified":"2025-05-12T08:36:56","modified_gmt":"2025-05-12T06:36:56","slug":"continental-gatorskin-700x32c-plast-kevlar","status":"publish","type":"product","link":"https:\/\/www.cyklo-raim.cz\/shop\/produkt\/continental-gatorskin-700x32c-plast-kevlar\/","title":{"rendered":"Continental Gatorskin 700x32C pl\u00e1\u0161\u0165, kevlar"},"content":{"rendered":"","protected":false},"excerpt":{"rendered":"<p>Continental Gatorskin 700x32C pl\u00e1\u0161\u0165<br \/><strong>Cestn\u00fd pl\u00e1\u0161\u0165 Continental Gatorskin<\/strong> pon\u00faka vysok\u00fd n\u00e1jazd kilometrov, perfektn\u00fa ochranu proti defektu <strong>PolyXBreaker<\/strong>, kevlarov\u00fa p\u00e4tku a bok <strong>DuraSkin<\/strong>.<br \/>Vlastnosti produktu<br \/><strong>Bo\u010dnica DuraSkin<\/strong>&#8211;<strong>vysokokvalitn\u00e1 polyamidov\u00e1 tkanina\u00a0<\/strong>chr\u00e1ni pl\u00e1\u0161\u0165 pred najhor\u0161\u00edmi podmienkami, \u010do bolo neraz overen\u00e9 aj na pretekoch Par\u00ed\u017e &#8211; Roubaix<br \/><strong>PolyX Breaker\u00ae<\/strong> &#8211; extr\u00e9mne odoln\u00e9 polyesterov\u00e9 vl\u00e1kno je husto kr\u00ed\u017e\u00e9n\u00e9, \u010d\u00edm sa dosiahne ve\u013emi vysok\u00e1 hustota tkaniny, v\u010faka ktorej je Breaker nielen odolnej\u0161\u00ed vo\u010di prerazeniu a prepichnutiu. Valiv\u00fd odpor pritom nie je negat\u00edvne ovplyvnen\u00fd<br \/>Detaily produktu<br \/><strong>Bezdu\u0161ov\u00fd<\/strong><br \/>Ne<br \/><strong>Pr\u016fm\u011br kol<\/strong><br \/>29&#8243;<br \/><strong>\u0160\u00ed\u0159ka pl\u00e1\u0161t\u011b<\/strong><br \/>32C<br \/><strong>Materi\u00e1l<\/strong><br \/>kevlar<br \/><strong>Barva<\/strong><br \/>\u010dern\u00e1<br \/><strong>ETRTO<\/strong><br \/>32-622<br \/><strong>TPI<\/strong><br \/>3\/180<br \/><strong>Hmotnost<\/strong><br \/>320 g<br \/><strong>ID produktu<\/strong><br \/>33032<\/p>\n","protected":false},"featured_media":198,"template":"","meta":{"ub_ctt_via":""},"product_brand":[],"product_cat":[26,43],"product_tag":[],"class_list":{"0":"post-197","1":"product","2":"type-product","3":"status-publish","4":"has-post-thumbnail","6":"product_cat-plaste","7":"product_cat-silnicni","9":"first","10":"outofstock","11":"taxable","12":"shipping-taxable","13":"purchasable","14":"product-type-simple"},"jetpack_sharing_enabled":true,"_links":{"self":[{"href":"https:\/\/www.cyklo-raim.cz\/shop\/wp-json\/wp\/v2\/product\/197","targetHints":{"allow":["GET"]}}],"collection":[{"href":"https:\/\/www.cyklo-raim.cz\/shop\/wp-json\/wp\/v2\/product"}],"about":[{"href":"https:\/\/www.cyklo-raim.cz\/shop\/wp-json\/wp\/v2\/types\/product"}],"wp:featuredmedia":[{"embeddable":true,"href":"https:\/\/www.cyklo-raim.cz\/shop\/wp-json\/wp\/v2\/media\/198"}],"wp:attachment":[{"href":"https:\/\/www.cyklo-raim.cz\/shop\/wp-json\/wp\/v2\/media?parent=197"}],"wp:term":[{"taxonomy":"product_brand","embeddable":true,"href":"https:\/\/www.cyklo-raim.cz\/shop\/wp-json\/wp\/v2\/product_brand?post=197"},{"taxonomy":"product_cat","embeddable":true,"href":"https:\/\/www.cyklo-raim.cz\/shop\/wp-json\/wp\/v2\/product_cat?post=197"},{"taxonomy":"product_tag","embeddable":true,"href":"https:\/\/www.cyklo-raim.cz\/shop\/wp-json\/wp\/v2\/product_tag?post=197"}],"curies":[{"name":"wp","href":"https:\/\/api.w.org\/{rel}","templated":true}]}}