{"id":168,"date":"2023-10-05T19:05:21","date_gmt":"2023-10-05T17:05:21","guid":{"rendered":"https:\/\/www.cyklo-raim.cz\/shop\/?post_type=product&#038;p=168"},"modified":"2024-08-20T18:56:58","modified_gmt":"2024-08-20T16:56:58","slug":"maxxis-ikon-29x220-exo-tr-plast-kevlar","status":"publish","type":"product","link":"https:\/\/www.cyklo-raim.cz\/shop\/produkt\/maxxis-ikon-29x220-exo-tr-plast-kevlar\/","title":{"rendered":"Maxxis Ikon 29&#215;2,20&#8243; EXO TR pl\u00e1\u0161\u0165 kevlar"},"content":{"rendered":"","protected":false},"excerpt":{"rendered":"<p><strong>Maxxis Ikon<\/strong> je lehk\u00fd z\u00e1vodn\u00ed pl\u00e1\u0161\u0165 pro opravdov\u00e9 z\u00e1vodn\u00edky v rozm\u011bru <strong>29&#215;2,20<\/strong>. Se sm\u011bs\u00ed <strong>Dual Compound<\/strong>, velk\u00fdm objemem a rychl\u00fdm vzorkem si uchov\u00e1v\u00e1 uk\u00e1zkov\u00e9 vlastnosti ve v\u0161ech j\u00edzdn\u00edch podm\u00ednk\u00e1ch a st\u00e1v\u00e1 se ikonou z\u00e1vodn\u00edho sv\u011bta.<br \/><strong>TR &#8211; Tubeless Ready<\/strong> mo\u017enost bezdu\u0161ov\u00e9ho pou\u017eit\u00ed.<br \/>Dual Compound<br \/><strong>Dvojit\u00e9 sm\u011bsi b\u011bhounu pou\u017e\u00edvaj\u00ed dv\u011b r\u016fzn\u00e9 sm\u011bsi.<\/strong> St\u0159ed b\u011bhounu pou\u017e\u00edv\u00e1 pevn\u011bj\u0161\u00ed sm\u011bs pro <strong>zlep\u0161en\u00ed valiv\u00e9ho odporu a vytvo\u0159en\u00ed siln\u011bj\u0161\u00edch lomn\u00fdch hran<\/strong>, zat\u00edmco hrany a bo\u010dn\u00ed st\u011bny\u00a0b\u011bhounu pou\u017e\u00edvaj\u00ed\u00a0m\u011bk\u010d\u00ed sm\u011bs pro <strong>lep\u0161\u00ed kontrolu a p\u0159ilnavost v zat\u00e1\u010dk\u00e1ch.<\/strong><br \/><strong>Maxxis Ikon<\/strong> je lehk\u00fd z\u00e1vodn\u00ed pl\u00e1\u0161\u0165 pro opravdov\u00e9 z\u00e1vodn\u00edky v rozm\u011bru <strong>29&#215;2,20<\/strong>. Se sm\u011bs\u00ed <strong>Dual Compound<\/strong>, velk\u00fdm objemem a rychl\u00fdm vzorkem si uchov\u00e1v\u00e1 uk\u00e1zkov\u00e9 vlastnosti ve v\u0161ech j\u00edzdn\u00edch podm\u00ednk\u00e1ch a st\u00e1v\u00e1 se ikonou z\u00e1vodn\u00edho sv\u011bta.<br \/><strong>TR &#8211; Tubeless Ready<\/strong> mo\u017enost bezdu\u0161ov\u00e9ho pou\u017eit\u00ed.<br \/>Dual Compound<br \/><strong>Dvojit\u00e9 sm\u011bsi b\u011bhounu pou\u017e\u00edvaj\u00ed dv\u011b r\u016fzn\u00e9 sm\u011bsi.<\/strong> St\u0159ed b\u011bhounu pou\u017e\u00edv\u00e1 pevn\u011bj\u0161\u00ed sm\u011bs pro <strong>zlep\u0161en\u00ed valiv\u00e9ho odporu a vytvo\u0159en\u00ed siln\u011bj\u0161\u00edch lomn\u00fdch hran<\/strong>, zat\u00edmco hrany a bo\u010dn\u00ed st\u011bny\u00a0b\u011bhounu pou\u017e\u00edvaj\u00ed\u00a0m\u011bk\u010d\u00ed sm\u011bs pro <strong>lep\u0161\u00ed kontrolu a p\u0159ilnavost v zat\u00e1\u010dk\u00e1ch.<\/strong><br \/>EXO Protection<br \/>EXO je materi\u00e1l odoln\u00fd proti pro\u0159\u00edznut\u00ed a od\u011bru, kter\u00fd se p\u0159id\u00e1v\u00e1 na bo\u010dnice mnoha MTB a gravel pl\u00e1\u0161\u0165\u016f Maxxis. Tato hust\u011b tkan\u00e1 l\u00e1tka je lehk\u00e1 a vysoce flexibiln\u00ed, co\u017e zaji\u0161\u0165uje, \u017ee v\u00fdkon pl\u00e1\u0161t\u011b z\u016fstane nedot\u010den. Zvolte EXO Protection pro zv\u00fd\u0161enou odolnost p\u0159i \u0161otolinov\u00e9m, XC a lehk\u00e9m trailov\u00e9m je\u017ed\u011bn\u00ed.<\/p>\n","protected":false},"featured_media":171,"template":"","meta":{"ub_ctt_via":""},"product_brand":[],"product_cat":[32,26],"product_tag":[],"class_list":{"0":"post-168","1":"product","2":"type-product","3":"status-publish","4":"has-post-thumbnail","6":"product_cat-mtb-plaste","7":"product_cat-plaste","8":"pa_delka-33","9":"pa_delka-34","10":"pa_delka-35","11":"pa_delka-36","12":"pa_delka-37","14":"first","15":"instock","16":"sale","17":"taxable","18":"shipping-taxable","19":"purchasable","20":"product-type-simple"},"jetpack_sharing_enabled":true,"_links":{"self":[{"href":"https:\/\/www.cyklo-raim.cz\/shop\/wp-json\/wp\/v2\/product\/168","targetHints":{"allow":["GET"]}}],"collection":[{"href":"https:\/\/www.cyklo-raim.cz\/shop\/wp-json\/wp\/v2\/product"}],"about":[{"href":"https:\/\/www.cyklo-raim.cz\/shop\/wp-json\/wp\/v2\/types\/product"}],"wp:featuredmedia":[{"embeddable":true,"href":"https:\/\/www.cyklo-raim.cz\/shop\/wp-json\/wp\/v2\/media\/171"}],"wp:attachment":[{"href":"https:\/\/www.cyklo-raim.cz\/shop\/wp-json\/wp\/v2\/media?parent=168"}],"wp:term":[{"taxonomy":"product_brand","embeddable":true,"href":"https:\/\/www.cyklo-raim.cz\/shop\/wp-json\/wp\/v2\/product_brand?post=168"},{"taxonomy":"product_cat","embeddable":true,"href":"https:\/\/www.cyklo-raim.cz\/shop\/wp-json\/wp\/v2\/product_cat?post=168"},{"taxonomy":"product_tag","embeddable":true,"href":"https:\/\/www.cyklo-raim.cz\/shop\/wp-json\/wp\/v2\/product_tag?post=168"}],"curies":[{"name":"wp","href":"https:\/\/api.w.org\/{rel}","templated":true}]}}