{"id":119,"date":"2023-10-05T00:10:54","date_gmt":"2023-10-04T22:10:54","guid":{"rendered":"https:\/\/www.cyklo-raim.cz\/shop\/?post_type=product&#038;p=119"},"modified":"2023-10-07T22:48:07","modified_gmt":"2023-10-07T20:48:07","slug":"rafek-28-622-32d-cnc-vyska-40mm-double-bily","status":"publish","type":"product","link":"https:\/\/www.cyklo-raim.cz\/shop\/produkt\/rafek-28-622-32d-cnc-vyska-40mm-double-bily\/","title":{"rendered":"R\u00e1fek 28&#8243;\/622 32d. CNC v\u00fd\u0161ka 40mm double b\u00edl\u00fd"},"content":{"rendered":"","protected":false},"excerpt":{"rendered":"<p>R\u00e1fek 28&#8243;-622 CNC dvoust\u011bnn\u00fd b\u00edl\u00fd<br \/>V\u00fd\u0161ka r\u00e1fku: 40mm<br \/>\u0160\u00ed\u0159ka r\u00e1fku: 40mm<br \/>Po\u010det d\u011br: 32<br \/>CNC opracov\u00e1n\u00ed brzdn\u00e9 strany<br \/>Ur\u010den\u00e9 pro ventilky: AV\/DV\/FV<br \/>ERD r\u00e1fku: 559 mm<br \/>Hmotnost: 900g<\/p>\n","protected":false},"featured_media":121,"template":"","meta":{"ub_ctt_via":""},"product_brand":[],"product_cat":[21],"product_tag":[],"class_list":{"0":"post-119","1":"product","2":"type-product","3":"status-publish","4":"has-post-thumbnail","6":"product_cat-road","8":"first","9":"instock","10":"taxable","11":"shipping-taxable","12":"purchasable","13":"product-type-simple"},"jetpack_sharing_enabled":true,"_links":{"self":[{"href":"https:\/\/www.cyklo-raim.cz\/shop\/wp-json\/wp\/v2\/product\/119","targetHints":{"allow":["GET"]}}],"collection":[{"href":"https:\/\/www.cyklo-raim.cz\/shop\/wp-json\/wp\/v2\/product"}],"about":[{"href":"https:\/\/www.cyklo-raim.cz\/shop\/wp-json\/wp\/v2\/types\/product"}],"wp:featuredmedia":[{"embeddable":true,"href":"https:\/\/www.cyklo-raim.cz\/shop\/wp-json\/wp\/v2\/media\/121"}],"wp:attachment":[{"href":"https:\/\/www.cyklo-raim.cz\/shop\/wp-json\/wp\/v2\/media?parent=119"}],"wp:term":[{"taxonomy":"product_brand","embeddable":true,"href":"https:\/\/www.cyklo-raim.cz\/shop\/wp-json\/wp\/v2\/product_brand?post=119"},{"taxonomy":"product_cat","embeddable":true,"href":"https:\/\/www.cyklo-raim.cz\/shop\/wp-json\/wp\/v2\/product_cat?post=119"},{"taxonomy":"product_tag","embeddable":true,"href":"https:\/\/www.cyklo-raim.cz\/shop\/wp-json\/wp\/v2\/product_tag?post=119"}],"curies":[{"name":"wp","href":"https:\/\/api.w.org\/{rel}","templated":true}]}}