{"id":347,"date":"2024-09-10T22:58:50","date_gmt":"2024-09-10T20:58:50","guid":{"rendered":"https:\/\/www.cyklo-raim.cz\/shop\/?page_id=347"},"modified":"2024-09-10T22:58:50","modified_gmt":"2024-09-10T20:58:50","slug":"pateraky","status":"publish","type":"page","link":"https:\/\/www.cyklo-raim.cz\/shop\/pateraky\/","title":{"rendered":"P\u00e1te\u0159\u00e1ky"},"content":{"rendered":"","protected":false},"excerpt":{"rendered":"","protected":false},"author":1,"featured_media":0,"parent":0,"menu_order":0,"comment_status":"closed","ping_status":"closed","template":"","meta":{"ub_ctt_via":"","footnotes":""},"class_list":["post-347","page","type-page","status-publish","hentry"],"featured_image_src":null,"jetpack_sharing_enabled":true,"_links":{"self":[{"href":"https:\/\/www.cyklo-raim.cz\/shop\/wp-json\/wp\/v2\/pages\/347","targetHints":{"allow":["GET"]}}],"collection":[{"href":"https:\/\/www.cyklo-raim.cz\/shop\/wp-json\/wp\/v2\/pages"}],"about":[{"href":"https:\/\/www.cyklo-raim.cz\/shop\/wp-json\/wp\/v2\/types\/page"}],"author":[{"embeddable":true,"href":"https:\/\/www.cyklo-raim.cz\/shop\/wp-json\/wp\/v2\/users\/1"}],"replies":[{"embeddable":true,"href":"https:\/\/www.cyklo-raim.cz\/shop\/wp-json\/wp\/v2\/comments?post=347"}],"version-history":[{"count":1,"href":"https:\/\/www.cyklo-raim.cz\/shop\/wp-json\/wp\/v2\/pages\/347\/revisions"}],"predecessor-version":[{"id":353,"href":"https:\/\/www.cyklo-raim.cz\/shop\/wp-json\/wp\/v2\/pages\/347\/revisions\/353"}],"wp:attachment":[{"href":"https:\/\/www.cyklo-raim.cz\/shop\/wp-json\/wp\/v2\/media?parent=347"}],"curies":[{"name":"wp","href":"https:\/\/api.w.org\/{rel}","templated":true}]}}