{"id":269,"date":"2023-11-10T13:29:59","date_gmt":"2023-11-10T12:29:59","guid":{"rendered":"https:\/\/www.cyklo-raim.cz\/shop\/?page_id=269"},"modified":"2023-11-10T13:29:59","modified_gmt":"2023-11-10T12:29:59","slug":"obchodni-podminky","status":"publish","type":"page","link":"https:\/\/www.cyklo-raim.cz\/shop\/obchodni-podminky\/","title":{"rendered":"Obchodn\u00ed podm\u00ednky"},"content":{"rendered":"<p>1.&nbsp;&nbsp;&nbsp;&nbsp;&nbsp;&nbsp;&nbsp;&nbsp;&nbsp;&nbsp;&nbsp; Tyto v\u0161eobecn\u00e9 obchodn\u00ed podm\u00ednky (d\u00e1le jen \u201eobchodn\u00ed podm\u00ednky\u201c) jsou vydan\u00e9 dle \u00a7 1751 a n\u00e1sl. z\u00e1kona \u010d. 89\/2012 Sb., ob\u010dansk\u00fd z\u00e1kon\u00edk (d\u00e1le jen \u201eob\u010dansk\u00fd z\u00e1kon\u00edk\u201c)<\/p><p>Michal Raim Cyklo-Raim<\/p><p>I\u010c: 88078442<\/p><p>se s\u00eddlem: Roztoky u Jilemnice 307, 512 31<\/p><p>kontaktn\u00ed \u00fadaje:<\/p><p>e-mail:&nbsp; servis@cyklo-raim.cz<\/p><p>telefon: 737440407<\/p><p>web: www.cyklo-raim.cz\/shop<\/p><p>(d\u00e1le jen \u201eprod\u00e1vaj\u00edc\u00ed\u201c)<\/p><p>2.&nbsp;&nbsp;&nbsp;&nbsp;&nbsp;&nbsp;&nbsp;&nbsp;&nbsp;&nbsp;&nbsp; Tyto obchodn\u00ed podm\u00ednky upravuj\u00ed vz\u00e1jemn\u00e1 pr\u00e1va a povinnosti prod\u00e1vaj\u00edc\u00edho a fyzick\u00e9 osoby, kter\u00e1 uzav\u00edr\u00e1 kupn\u00ed smlouvu mimo svou podnikatelskou \u010dinnost jako spot\u0159ebitel, nebo v r\u00e1mci sv\u00e9 podnikatelsk\u00e9 \u010dinnosti (d\u00e1le jen: \u201ekupuj\u00edc\u00ed\u201c) prost\u0159ednictv\u00edm webov\u00e9ho rozhran\u00ed um\u00edst\u011bn\u00e9ho na webov\u00e9 str\u00e1nce dostupn\u00e9 na internetov\u00e9 adrese www.cyklo-raim.cz\/shop. (d\u00e1le jen \u201einternetov\u00fd obchod\u201c).<\/p><p>3.&nbsp;&nbsp;&nbsp;&nbsp;&nbsp;&nbsp;&nbsp;&nbsp;&nbsp;&nbsp;&nbsp; Ustanoven\u00ed obchodn\u00edch podm\u00ednek jsou ned\u00edlnou sou\u010d\u00e1st\u00ed kupn\u00ed smlouvy. Odchyln\u00e1 ujedn\u00e1n\u00ed v kupn\u00ed smlouv\u011b maj\u00ed p\u0159ednost p\u0159ed ustanoven\u00edmi t\u011bchto obchodn\u00edch podm\u00ednek.<\/p><p>4.&nbsp;&nbsp;&nbsp;&nbsp;&nbsp;&nbsp;&nbsp;&nbsp;&nbsp;&nbsp;&nbsp; Tyto obchodn\u00ed podm\u00ednky a kupn\u00ed smlouva se uzav\u00edraj\u00ed v \u010desk\u00e9m jazyce .<\/p><p>II.<\/p><p>Informace o zbo\u017e\u00ed a cen\u00e1ch<\/p><p>1.&nbsp;&nbsp;&nbsp;&nbsp;&nbsp;&nbsp;&nbsp;&nbsp;&nbsp;&nbsp;&nbsp; Informace o zbo\u017e\u00ed, v\u010detn\u011b uveden\u00ed cen jednotliv\u00e9ho zbo\u017e\u00ed a jeho hlavn\u00edch vlastnost\u00ed, jsou uvedeny u jednotliv\u00e9ho zbo\u017e\u00ed v katalogu internetov\u00e9ho obchodu. Ceny zbo\u017e\u00ed jsou uvedeny v\u010detn\u011b dan\u011b z p\u0159idan\u00e9 hodnoty, v\u0161ech souvisej\u00edc\u00edch poplatk\u016f a n\u00e1klad\u016f za vr\u00e1cen\u00ed zbo\u017e\u00ed, jestli\u017ee toto zbo\u017e\u00ed ze sv\u00e9 podstaty nem\u016f\u017ee b\u00fdt vr\u00e1ceno obvyklou po\u0161tovn\u00ed cestou. Ceny zbo\u017e\u00ed z\u016fst\u00e1vaj\u00ed v platnosti po dobu, po kterou jsou zobrazov\u00e1ny v internetov\u00e9m obchod\u011b. Toto ustanoven\u00ed nevylu\u010duje sjedn\u00e1n\u00ed kupn\u00ed smlouvy za individu\u00e1ln\u011b sjednan\u00fdch podm\u00ednek.<\/p><p>2.&nbsp;&nbsp;&nbsp;&nbsp;&nbsp;&nbsp;&nbsp;&nbsp;&nbsp;&nbsp;&nbsp; Ve\u0161ker\u00e1 prezentace zbo\u017e\u00ed um\u00edst\u011bn\u00e1 v katalogu internetov\u00e9ho obchodu je informativn\u00edho charakteru&nbsp; a prod\u00e1vaj\u00edc\u00ed nen\u00ed povinen uzav\u0159\u00edt kupn\u00ed smlouvu ohledn\u011b tohoto zbo\u017e\u00ed.<\/p><p>3.&nbsp;&nbsp;&nbsp;&nbsp;&nbsp;&nbsp;&nbsp;&nbsp;&nbsp;&nbsp;&nbsp; V internetov\u00e9m obchod\u011b jsou zve\u0159ejn\u011bny informace o n\u00e1kladech spojen\u00fdch s balen\u00edm a dod\u00e1n\u00edm zbo\u017e\u00ed. Informace o n\u00e1kladech spojen\u00fdch s balen\u00edm a dod\u00e1n\u00edm zbo\u017e\u00ed uveden\u00e9 v internetov\u00e9m obchod\u011b plat\u00ed pouze v p\u0159\u00edpadech, kdy je zbo\u017e\u00ed doru\u010dov\u00e1no v r\u00e1mci \u00fazem\u00ed \u010cesk\u00e9 republiky.<\/p><p>4.&nbsp;&nbsp;&nbsp;&nbsp;&nbsp;&nbsp;&nbsp;&nbsp;&nbsp;&nbsp;&nbsp; P\u0159\u00edpadn\u00e9 slevy z kupn\u00ed ceny zbo\u017e\u00ed nelze navz\u00e1jem kombinovat, nedohodne-li se prod\u00e1vaj\u00edc\u00ed s kupuj\u00edc\u00edm jinak.<\/p><p>III.<\/p><p>Objedn\u00e1vka a uzav\u0159en\u00ed kupn\u00ed smlouvy<\/p><p>1.&nbsp;&nbsp;&nbsp;&nbsp;&nbsp;&nbsp;&nbsp;&nbsp;&nbsp;&nbsp;&nbsp; N\u00e1klady vznikl\u00e9 kupuj\u00edc\u00edmu p\u0159i pou\u017eit\u00ed komunika\u010dn\u00edch prost\u0159edk\u016f na d\u00e1lku v souvislosti s uzav\u0159en\u00edm kupn\u00ed smlouvy (n\u00e1klady na internetov\u00e9 p\u0159ipojen\u00ed, n\u00e1klady na telefonn\u00ed hovory), hrad\u00ed kupuj\u00edc\u00ed s\u00e1m. Tyto n\u00e1klady se neli\u0161\u00ed od z\u00e1kladn\u00ed sazby.<\/p><p>2.&nbsp;&nbsp;&nbsp;&nbsp;&nbsp;&nbsp;&nbsp;&nbsp;&nbsp;&nbsp;&nbsp; Kupuj\u00edc\u00ed prov\u00e1d\u00ed objedn\u00e1vku zbo\u017e\u00ed t\u011bmito zp\u016fsoby:<\/p><p>\u25cf&nbsp;&nbsp;&nbsp;&nbsp;&nbsp;&nbsp;&nbsp;&nbsp;&nbsp;&nbsp;&nbsp;&nbsp; prost\u0159ednictv\u00edm sv\u00e9ho z\u00e1kaznick\u00e9ho \u00fa\u010dtu, provedl-li p\u0159edchoz\u00ed registraci&nbsp; v internetov\u00e9m obchod\u011b,<\/p><p>\u25cf&nbsp;&nbsp;&nbsp;&nbsp;&nbsp;&nbsp;&nbsp;&nbsp;&nbsp;&nbsp;&nbsp;&nbsp; vypln\u011bn\u00edm objedn\u00e1vkov\u00e9ho formul\u00e1\u0159e bez registrace.&nbsp;<\/p><p>3.&nbsp;&nbsp;&nbsp;&nbsp;&nbsp;&nbsp;&nbsp;&nbsp;&nbsp;&nbsp;&nbsp; P\u0159i zad\u00e1v\u00e1n\u00ed objedn\u00e1vky si kupuj\u00edc\u00ed vybere zbo\u017e\u00ed, po\u010det kus\u016f zbo\u017e\u00ed, zp\u016fsob platby a doru\u010den\u00ed.<\/p><p>4.&nbsp;&nbsp;&nbsp;&nbsp;&nbsp;&nbsp;&nbsp;&nbsp;&nbsp;&nbsp;&nbsp; P\u0159ed odesl\u00e1n\u00edm objedn\u00e1vky je kupuj\u00edc\u00edmu umo\u017en\u011bno kontrolovat a m\u011bnit \u00fadaje, kter\u00e9 do objedn\u00e1vky vlo\u017eil. Objedn\u00e1vku kupuj\u00edc\u00ed ode\u0161le prod\u00e1vaj\u00edc\u00edmu kliknut\u00edm na tla\u010d\u00edtko\u2026\u2026.&nbsp; \u00dadaje uveden\u00e9 v objedn\u00e1vce jsou prod\u00e1vaj\u00edc\u00edm pova\u017eov\u00e1ny za spr\u00e1vn\u00e9. Podm\u00ednkou platnosti objedn\u00e1vky je vypln\u011bn\u00ed v\u0161ech povinn\u00fdch \u00fadaj\u016f v objedn\u00e1vkov\u00e9m formul\u00e1\u0159i a potvrzen\u00ed kupuj\u00edc\u00edho o tom , \u017ee se s t\u011bmito obchodn\u00edmi podm\u00ednkami sezn\u00e1mil.<\/p><p>5.&nbsp;&nbsp;&nbsp;&nbsp;&nbsp;&nbsp;&nbsp;&nbsp;&nbsp;&nbsp;&nbsp; Neprodlen\u011b po obdr\u017een\u00ed objedn\u00e1vky za\u0161le prod\u00e1vaj\u00edc\u00ed kupuj\u00edc\u00edmu potvrzen\u00ed o obdr\u017een\u00ed objedn\u00e1vky na e-mailovou adresu, kterou kupuj\u00edc\u00ed p\u0159i objedn\u00e1n\u00ed zadal. Toto potvrzen\u00ed je automatick\u00e9 a nepova\u017euje se za uzav\u0159en\u00ed smlouvy. P\u0159\u00edlohou potvrzen\u00ed jsou aktu\u00e1ln\u00ed obchodn\u00ed podm\u00ednky prod\u00e1vaj\u00edc\u00edho. Kupn\u00ed smlouva je uzav\u0159ena a\u017e po p\u0159ijet\u00ed objedn\u00e1vky prod\u00e1vaj\u00edc\u00edm.&nbsp; Ozn\u00e1men\u00ed o p\u0159ijet\u00ed objedn\u00e1vky je doru\u010deno na e-mailovou adresu kupuj\u00edc\u00edho. \/ Neprodlen\u011b po obdr\u017een\u00ed objedn\u00e1vky za\u0161le prod\u00e1vaj\u00edc\u00ed kupuj\u00edc\u00edmu potvrzen\u00ed o obdr\u017een\u00ed objedn\u00e1vky na e-mailovou adresu, kterou kupuj\u00edc\u00ed p\u0159i objedn\u00e1n\u00ed zadal. Toto potvrzen\u00ed se pova\u017euje za uzav\u0159en\u00ed smlouvy. P\u0159\u00edlohou potvrzen\u00ed jsou aktu\u00e1ln\u00ed obchodn\u00ed podm\u00ednky prod\u00e1vaj\u00edc\u00edho. Kupn\u00ed smlouva je uzav\u0159ena potvrzen\u00edm objedn\u00e1vky prod\u00e1vaj\u00edc\u00edm na e-mailovou adresu kupuj\u00edc\u00edho.&nbsp;<\/p><p>6.&nbsp;&nbsp;&nbsp;&nbsp;&nbsp;&nbsp;&nbsp;&nbsp;&nbsp;&nbsp;&nbsp; V p\u0159\u00edpad\u011b, \u017ee n\u011bkter\u00fd z po\u017eadavk\u016f uveden\u00fdch v objedn\u00e1vce nem\u016f\u017ee prod\u00e1vaj\u00edc\u00ed splnit, za\u0161le kupuj\u00edc\u00edmu na jeho e-mailovou adresu pozm\u011bn\u011bnou nab\u00eddku. Pozm\u011bn\u011bn\u00e1 nab\u00eddka se pova\u017euje za nov\u00fd n\u00e1vrh kupn\u00ed smlouvy a kupn\u00ed smlouva je v takov\u00e9m p\u0159\u00edpad\u011b uzav\u0159ena potvrzen\u00edm kupuj\u00edc\u00edho o p\u0159ijet\u00ed t\u00e9to nab\u00eddky prod\u00e1vaj\u00edc\u00edmu na jeho e-mailovou adresu uvedenou v t\u011bchto obchodn\u00edch podm\u00ednk\u00e1ch.<\/p><p>7.&nbsp;&nbsp;&nbsp;&nbsp;&nbsp;&nbsp;&nbsp;&nbsp;&nbsp;&nbsp;&nbsp; V\u0161echny objedn\u00e1vky p\u0159ijat\u00e9 prod\u00e1vaj\u00edc\u00edm jsou z\u00e1vazn\u00e9 . Kupuj\u00edc\u00ed m\u016f\u017ee zru\u0161it objedn\u00e1vku, dokud nen\u00ed kupuj\u00edc\u00edmu doru\u010deno ozn\u00e1men\u00ed o p\u0159ijet\u00ed objedn\u00e1vky prod\u00e1vaj\u00edc\u00edm. Kupuj\u00edc\u00ed m\u016f\u017ee zru\u0161it objedn\u00e1vku telefonicky na telefonn\u00ed \u010d\u00edslo nebo e-mail prod\u00e1vaj\u00edc\u00edho uveden\u00fd v t\u011bchto obchodn\u00edch podm\u00ednk\u00e1ch.<\/p><p>8.&nbsp;&nbsp;&nbsp;&nbsp;&nbsp;&nbsp;&nbsp;&nbsp;&nbsp;&nbsp;&nbsp; V p\u0159\u00edpad\u011b, \u017ee do\u0161lo ke zjevn\u00e9 technick\u00e9 chyb\u011b na stran\u011b prod\u00e1vaj\u00edc\u00edho p\u0159i uveden\u00ed ceny zbo\u017e\u00ed v internetov\u00e9m obchod\u011b nebo v pr\u016fb\u011bhu objedn\u00e1v\u00e1n\u00ed, nen\u00ed prod\u00e1vaj\u00edc\u00ed povinen dodat kupuj\u00edc\u00edmu zbo\u017e\u00ed za tuto zcela zjevn\u011b chybnou cenu ani v p\u0159\u00edpad\u011b, \u017ee kupuj\u00edc\u00edmu bylo zasl\u00e1no automatick\u00e9 potvrzen\u00ed o obdr\u017een\u00ed objedn\u00e1vky podle t\u011bchto obchodn\u00edch podm\u00ednek.&nbsp; Prod\u00e1vaj\u00edc\u00ed informuje kupuj\u00edc\u00edho o chyb\u011b bez zbyte\u010dn\u00e9ho odkladu a za\u0161le kupuj\u00edc\u00edmu na jeho e-mailovou adresu pozm\u011bn\u011bnou nab\u00eddku. Pozm\u011bn\u011bn\u00e1 nab\u00eddka se pova\u017euje za nov\u00fd n\u00e1vrh kupn\u00ed smlouvy a kupn\u00ed smlouva je v takov\u00e9m p\u0159\u00edpad\u011b uzav\u0159ena potvrzen\u00edm o p\u0159ijet\u00ed kupuj\u00edc\u00edm na e-mailovou adresu prod\u00e1vaj\u00edc\u00edho.<\/p><p>IV.<\/p><p>Z\u00e1kaznick\u00fd \u00fa\u010det<\/p><p>1.&nbsp;&nbsp;&nbsp;&nbsp;&nbsp;&nbsp;&nbsp;&nbsp;&nbsp;&nbsp;&nbsp; Na z\u00e1klad\u011b registrace kupuj\u00edc\u00edho proveden\u00e9 v internetov\u00e9m obchod\u011b m\u016f\u017ee kupuj\u00edc\u00ed p\u0159istupovat do sv\u00e9ho z\u00e1kaznick\u00e9ho \u00fa\u010dtu. Ze sv\u00e9ho z\u00e1kaznick\u00e9ho \u00fa\u010dtu m\u016f\u017ee kupuj\u00edc\u00ed prov\u00e1d\u011bt objedn\u00e1v\u00e1n\u00ed zbo\u017e\u00ed. Kupuj\u00edc\u00ed m\u016f\u017ee objedn\u00e1vat zbo\u017e\u00ed tak\u00e9 bez registrace.<\/p><p>2.&nbsp;&nbsp;&nbsp;&nbsp;&nbsp;&nbsp;&nbsp;&nbsp;&nbsp;&nbsp;&nbsp; P\u0159i registraci do z\u00e1kaznick\u00e9ho \u00fa\u010dtu a p\u0159i objedn\u00e1v\u00e1n\u00ed zbo\u017e\u00ed je kupuj\u00edc\u00ed povinen uv\u00e1d\u011bt spr\u00e1vn\u011b a pravdiv\u011b v\u0161echny \u00fadaje. \u00dadaje uveden\u00e9 v u\u017eivatelsk\u00e9m \u00fa\u010dtu je kupuj\u00edc\u00ed p\u0159i jak\u00e9koliv jejich zm\u011bn\u011b povinen aktualizovat. \u00dadaje uveden\u00e9 kupuj\u00edc\u00edm v z\u00e1kaznick\u00e9m \u00fa\u010dtu a p\u0159i objedn\u00e1v\u00e1n\u00ed zbo\u017e\u00ed jsou prod\u00e1vaj\u00edc\u00edm pova\u017eov\u00e1ny za spr\u00e1vn\u00e9.<\/p><p>3.&nbsp;&nbsp;&nbsp;&nbsp;&nbsp;&nbsp;&nbsp;&nbsp;&nbsp;&nbsp;&nbsp; P\u0159\u00edstup k z\u00e1kaznick\u00e9mu \u00fa\u010dtu je zabezpe\u010den u\u017eivatelsk\u00fdm jm\u00e9nem a heslem. Kupuj\u00edc\u00ed je povinen zachov\u00e1vat ml\u010denlivost ohledn\u011b informac\u00ed nezbytn\u00fdch k p\u0159\u00edstupu do jeho z\u00e1kaznick\u00e9ho \u00fa\u010dtu. Prod\u00e1vaj\u00edc\u00ed nenese odpov\u011bdnost za p\u0159\u00edpadn\u00e9 zneu\u017eit\u00ed z\u00e1kaznick\u00e9ho \u00fa\u010dtu t\u0159et\u00ed<\/p>","protected":false},"excerpt":{"rendered":"<p>1.&nbsp;&nbsp;&nbsp;&nbsp;&nbsp;&nbsp;&nbsp;&nbsp;&nbsp;&nbsp;&nbsp; Tyto v\u0161eobecn\u00e9 obchodn\u00ed podm\u00ednky (d\u00e1le jen \u201eobchodn\u00ed podm\u00ednky\u201c) jsou vydan\u00e9 dle \u00a7 1751 a n\u00e1sl. z\u00e1kona \u010d. 89\/2012 Sb., ob\u010dansk\u00fd z\u00e1kon\u00edk (d\u00e1le jen \u201eob\u010dansk\u00fd z\u00e1kon\u00edk\u201c) Michal Raim Cyklo-Raim I\u010c: 88078442 se s\u00eddlem: Roztoky u Jilemnice 307, 512 31 kontaktn\u00ed \u00fadaje: e-mail:&nbsp; servis@cyklo-raim.cz telefon: 737440407 web: www.cyklo-raim.cz\/shop (d\u00e1le jen \u201eprod\u00e1vaj\u00edc\u00ed\u201c) 2.&nbsp;&nbsp;&nbsp;&nbsp;&nbsp;&nbsp;&nbsp;&nbsp;&nbsp;&nbsp;&nbsp; Tyto obchodn\u00ed podm\u00ednky upravuj\u00ed&hellip;<\/p>\n","protected":false},"author":1,"featured_media":0,"parent":0,"menu_order":0,"comment_status":"closed","ping_status":"closed","template":"","meta":{"ub_ctt_via":"","footnotes":""},"class_list":["post-269","page","type-page","status-publish","hentry"],"featured_image_src":null,"jetpack_sharing_enabled":true,"_links":{"self":[{"href":"https:\/\/www.cyklo-raim.cz\/shop\/wp-json\/wp\/v2\/pages\/269","targetHints":{"allow":["GET"]}}],"collection":[{"href":"https:\/\/www.cyklo-raim.cz\/shop\/wp-json\/wp\/v2\/pages"}],"about":[{"href":"https:\/\/www.cyklo-raim.cz\/shop\/wp-json\/wp\/v2\/types\/page"}],"author":[{"embeddable":true,"href":"https:\/\/www.cyklo-raim.cz\/shop\/wp-json\/wp\/v2\/users\/1"}],"replies":[{"embeddable":true,"href":"https:\/\/www.cyklo-raim.cz\/shop\/wp-json\/wp\/v2\/comments?post=269"}],"version-history":[{"count":1,"href":"https:\/\/www.cyklo-raim.cz\/shop\/wp-json\/wp\/v2\/pages\/269\/revisions"}],"predecessor-version":[{"id":270,"href":"https:\/\/www.cyklo-raim.cz\/shop\/wp-json\/wp\/v2\/pages\/269\/revisions\/270"}],"wp:attachment":[{"href":"https:\/\/www.cyklo-raim.cz\/shop\/wp-json\/wp\/v2\/media?parent=269"}],"curies":[{"name":"wp","href":"https:\/\/api.w.org\/{rel}","templated":true}]}}